{"id":955,"date":"2025-09-04T13:39:19","date_gmt":"2025-09-04T13:39:19","guid":{"rendered":"https:\/\/meditrade.net\/?page_id=955"},"modified":"2025-10-26T01:40:51","modified_gmt":"2025-10-26T01:40:51","slug":"senator-rosner-stiftung","status":"publish","type":"page","link":"https:\/\/meditrade.net\/de\/senator-rosner-foundation\/","title":{"rendered":"Senator R\u00f6sner Stiftung"},"content":{"rendered":"<div data-elementor-type=\"wp-page\" data-elementor-id=\"955\" class=\"elementor elementor-955\">\n\t\t\t\t<div class=\"elementor-element elementor-element-3eeb63a vertical-padding side-padding section-height e-flex e-con-boxed e-con e-parent\" data-id=\"3eeb63a\" data-element_type=\"container\" data-e-type=\"container\" data-settings=\"{&quot;background_background&quot;:&quot;classic&quot;}\">\n\t\t\t\t\t<div class=\"e-con-inner\">\n\t\t<div class=\"elementor-element elementor-element-6cb4004 e-con-full e-flex e-con e-child\" data-id=\"6cb4004\" data-element_type=\"container\" data-e-type=\"container\">\n\t\t\t\t<div class=\"elementor-element elementor-element-fdd6095 Hero-Second-Layout-Design-Content-Title Font-Size-70 elementor-widget elementor-widget-heading\" data-id=\"fdd6095\" data-element_type=\"widget\" data-e-type=\"widget\" data-widget_type=\"heading.default\">\n\t\t\t\t\t<h1 class=\"elementor-heading-title elementor-size-default\">Senator R\u00f6sner\nStiftung<\/h1>\t\t\t\t<\/div>\n\t\t\t\t<div class=\"elementor-element elementor-element-f7d2dd4 elementor-widget elementor-widget-text-editor\" data-id=\"f7d2dd4\" data-element_type=\"widget\" data-e-type=\"widget\" data-widget_type=\"text-editor.default\">\n\t\t\t\t\t\t\t\t\t<p>Die Senator R\u00f6sner Stiftung ist eine gemeinn\u00fctzige Organisation, die vom Vorstandsvorsitzenden der Meditrade Gruppe Peter R\u00f6sner und seiner Frau Eveline R\u00f6sner gegr\u00fcndet wurde.<\/p>\t\t\t\t\t\t\t\t<\/div>\n\t\t\t\t<div class=\"elementor-element elementor-element-8a5c0a3 elementor-align-left open-popup elementor-widget elementor-widget-button\" data-id=\"8a5c0a3\" data-element_type=\"widget\" data-e-type=\"widget\" data-widget_type=\"button.default\">\n\t\t\t\t\t\t\t\t\t\t<a class=\"elementor-button elementor-button-link elementor-size-sm\" href=\"#\">\n\t\t\t\t\t\t<span class=\"elementor-button-content-wrapper\">\n\t\t\t\t\t\t<span class=\"elementor-button-icon\">\n\t\t\t\t<svg aria-hidden=\"true\" class=\"e-font-icon-svg e-fas-chevron-right\" viewbox=\"0 0 320 512\" xmlns=\"http:\/\/www.w3.org\/2000\/svg\"><path d=\"M285.476 272.971L91.132 467.314c-9.373 9.373-24.569 9.373-33.941 0l-22.667-22.667c-9.357-9.357-9.375-24.522-.04-33.901L188.505 256 34.484 101.255c-9.335-9.379-9.317-24.544.04-33.901l22.667-22.667c9.373-9.373 24.569-9.373 33.941 0L285.475 239.03c9.373 9.372 9.373 24.568.001 33.941z\"><\/path><\/svg>\t\t\t<\/span>\n\t\t\t\t\t\t\t\t\t<span class=\"elementor-button-text\">Angebot anfordern<\/span>\n\t\t\t\t\t<\/span>\n\t\t\t\t\t<\/a>\n\t\t\t\t\t\t\t\t<\/div>\n\t\t\t\t<\/div>\n\t\t\t\t\t<\/div>\n\t\t\t\t<\/div>\n\t\t<div class=\"elementor-element elementor-element-b2e8b81 vertical-padding side-padding e-flex e-con-boxed e-con e-parent\" data-id=\"b2e8b81\" data-element_type=\"container\" data-e-type=\"container\">\n\t\t\t\t\t<div class=\"e-con-inner\">\n\t\t\t\t<div class=\"elementor-element elementor-element-7a5f647 image-style elementor-widget__width-initial elementor-widget elementor-widget-image\" data-id=\"7a5f647\" data-element_type=\"widget\" data-e-type=\"widget\" data-widget_type=\"image.default\">\n\t\t\t\t\t\t\t\t\t\t\t\t\t\t\t<img fetchpriority=\"high\" decoding=\"async\" width=\"975\" height=\"733\" src=\"https:\/\/meditrade.net\/wp-content\/uploads\/2025\/09\/webpc-passthru-11.webp\" class=\"attachment-large size-large wp-image-1198\" alt=\"Meditrade - Hochwertige medizinische und hygienische Produkte\" srcset=\"https:\/\/meditrade.net\/wp-content\/uploads\/2025\/09\/webpc-passthru-11.webp 975w, https:\/\/meditrade.net\/wp-content\/uploads\/2025\/09\/webpc-passthru-11-300x226.webp 300w, https:\/\/meditrade.net\/wp-content\/uploads\/2025\/09\/webpc-passthru-11-768x577.webp 768w\" sizes=\"(max-width: 975px) 100vw, 975px\" \/>\t\t\t\t\t\t\t\t\t\t\t\t\t\t\t<\/div>\n\t\t<div class=\"elementor-element elementor-element-d55e279 e-con-full content-container-style e-flex e-con e-child\" data-id=\"d55e279\" data-element_type=\"container\" data-e-type=\"container\" id=\"flex-basis-style\">\n\t\t\t\t<div class=\"elementor-element elementor-element-63a164b elementor-widget elementor-widget-heading\" data-id=\"63a164b\" data-element_type=\"widget\" data-e-type=\"widget\" data-widget_type=\"heading.default\">\n\t\t\t\t\t<h2 class=\"elementor-heading-title elementor-size-default\">Ber\u00fchren. Hilfe. Gelegenheiten schaffen\n<\/h2>\t\t\t\t<\/div>\n\t\t\t\t<div class=\"elementor-element elementor-element-fec64ed elementor-widget elementor-widget-text-editor\" data-id=\"fec64ed\" data-element_type=\"widget\" data-e-type=\"widget\" data-widget_type=\"text-editor.default\">\n\t\t\t\t\t\t\t\t\t<div class=\"chess-item_content font-s-18\"><p><strong>Die Senator R\u00f6sner Stiftung ist eine gemeinn\u00fctzige Organisation, die von Peter R\u00f6sner, CEO der Meditrade Gruppe, und seiner Frau Eveline R\u00f6sner gegr\u00fcndet und nach Hans-Hermann R\u00f6sner-Mautby, Ehrensenator der Ludwig-Maximilians-Universit\u00e4t M\u00fcnchen, benannt wurde.<\/strong><br \/><strong>Die Stiftung hat sich zum Ziel gesetzt, Krebs zu heilen, indem sie die Krebsforschung und die von dieser verheerenden Krankheit betroffenen Menschen unterst\u00fctzt.<\/strong><\/p><\/div>\t\t\t\t\t\t\t\t<\/div>\n\t\t\t\t<div class=\"elementor-element elementor-element-2e77382 elementor-widget elementor-widget-text-editor\" data-id=\"2e77382\" data-element_type=\"widget\" data-e-type=\"widget\" data-widget_type=\"text-editor.default\">\n\t\t\t\t\t\t\t\t\t<div class=\"chess-item_content font-s-18\">Der Weg der Stiftung begann vor mehr als 25 Jahren, und sie ist seitdem zu einer inspirierenden Quelle der Hoffnung f\u00fcr Menschen geworden, die mit Krebs k\u00e4mpfen. Mit einer breiten Palette von Aktivit\u00e4ten sammelte die Senator-R\u00f6sner-Stiftung Gelder, um Menschen zu unterst\u00fctzen, die aufgrund ihres Kampfes mit der Krankheit vor unerwarteten finanziellen und sozialen Herausforderungen stehen.<\/div>\t\t\t\t\t\t\t\t<\/div>\n\t\t\t\t<\/div>\n\t\t\t\t\t<\/div>\n\t\t\t\t<\/div>\n\t\t<div class=\"elementor-element elementor-element-11029bb vertical-padding side-padding e-flex e-con-boxed e-con e-parent\" data-id=\"11029bb\" data-element_type=\"container\" data-e-type=\"container\" data-settings=\"{&quot;background_background&quot;:&quot;classic&quot;}\">\n\t\t\t\t\t<div class=\"e-con-inner\">\n\t\t<div class=\"elementor-element elementor-element-4406cda e-con-full e-flex e-con e-child\" data-id=\"4406cda\" data-element_type=\"container\" data-e-type=\"container\" data-settings=\"{&quot;background_background&quot;:&quot;classic&quot;}\">\n\t\t<div class=\"elementor-element elementor-element-8c9e542 e-con-full banner-image-text e-flex e-con e-child\" data-id=\"8c9e542\" data-element_type=\"container\" data-e-type=\"container\">\n\t\t\t\t<div class=\"elementor-element elementor-element-8b712fa elementor-widget elementor-widget-heading\" data-id=\"8b712fa\" data-element_type=\"widget\" data-e-type=\"widget\" data-widget_type=\"heading.default\">\n\t\t\t\t\t<span class=\"elementor-heading-title elementor-size-default\">ber\u00fchren.<\/span>\t\t\t\t<\/div>\n\t\t\t\t<div class=\"elementor-element elementor-element-3ce3973 elementor-widget elementor-widget-heading\" data-id=\"3ce3973\" data-element_type=\"widget\" data-e-type=\"widget\" data-widget_type=\"heading.default\">\n\t\t\t\t\t<h2 class=\"elementor-heading-title elementor-size-default\">Leben ber\u00fchren: Der Einfluss der Senator-R\u00f6sner-Stiftung auf krebskranke Menschen\n<\/h2>\t\t\t\t<\/div>\n\t\t\t\t<\/div>\n\t\t\t\t<\/div>\n\t\t<div class=\"elementor-element elementor-element-e0d5084 e-con-full e-flex e-con e-child\" data-id=\"e0d5084\" data-element_type=\"container\" data-e-type=\"container\">\n\t\t<div class=\"elementor-element elementor-element-16ffa36 e-con-full srf-third-section-content e-flex e-con e-child\" data-id=\"16ffa36\" data-element_type=\"container\" data-e-type=\"container\">\n\t\t\t\t<div class=\"elementor-element elementor-element-bd67161 elementor-widget elementor-widget-text-editor\" data-id=\"bd67161\" data-element_type=\"widget\" data-e-type=\"widget\" data-widget_type=\"text-editor.default\">\n\t\t\t\t\t\t\t\t\t<p>Die Wirkung der Stiftung war weitreichend und erreichte das Leben von Menschen, die sofortige Hilfe ben\u00f6tigten. Mit ihrer Initiative \u201cLeben mit Krebs\u201d leisteten sie schnelle und unkomplizierte Hilfe f\u00fcr Menschen, die mit den finanziellen und sozialen Folgen von Krebs zu k\u00e4mpfen haben. Mit jeder helfenden Hand, die sie ausstreckten, wollten sie die Belastungen lindern und das Leben derer, die sie ber\u00fchrten, aufhellen.<\/p>\t\t\t\t\t\t\t\t<\/div>\n\t\t\t\t<\/div>\n\t\t<div class=\"elementor-element elementor-element-93f676e e-con-full srf-third-section-content e-flex e-con e-child\" data-id=\"93f676e\" data-element_type=\"container\" data-e-type=\"container\">\n\t\t\t\t<div class=\"elementor-element elementor-element-ba1f782 elementor-widget elementor-widget-text-editor\" data-id=\"ba1f782\" data-element_type=\"widget\" data-e-type=\"widget\" data-widget_type=\"text-editor.default\">\n\t\t\t\t\t\t\t\t\t<p>Angetrieben durch ihr unerm\u00fcdliches Engagement pflegte die Senator-R\u00f6sner-Stiftung enge Beziehungen zu den gro\u00dfen onkologischen Zentren in M\u00fcnchen und Bayern. Durch diese Beziehungen standen sie in regelm\u00e4\u00dfigem Kontakt mit Wissenschaftlern und Forschern, die unerm\u00fcdlich die Grenzen des medizinischen Wissens erweiterten. Die finanzielle Unterst\u00fctzung der Stiftung f\u00fcr Forschung und Entwicklung f\u00f6rderte die Fortschritte in der Krebsbehandlung und ebnete den Weg f\u00fcr eine bessere Zukunft.<\/p>\t\t\t\t\t\t\t\t<\/div>\n\t\t\t\t<\/div>\n\t\t\t\t<\/div>\n\t\t\t\t\t<\/div>\n\t\t\t\t<\/div>\n\t\t<div class=\"elementor-element elementor-element-96d016e vertical-padding side-padding e-flex e-con-boxed e-con e-parent\" data-id=\"96d016e\" data-element_type=\"container\" data-e-type=\"container\">\n\t\t\t\t\t<div class=\"e-con-inner\">\n\t\t<div class=\"elementor-element elementor-element-f0f9704 e-con-full e-flex e-con e-child\" data-id=\"f0f9704\" data-element_type=\"container\" data-e-type=\"container\">\n\t\t\t\t<div class=\"elementor-element elementor-element-bdf0918 elementor-widget elementor-widget-heading\" data-id=\"bdf0918\" data-element_type=\"widget\" data-e-type=\"widget\" data-widget_type=\"heading.default\">\n\t\t\t\t\t<span class=\"elementor-heading-title elementor-size-default\">Hilfe\n<\/span>\t\t\t\t<\/div>\n\t\t\t\t<div class=\"elementor-element elementor-element-6445199 elementor-widget elementor-widget-heading\" data-id=\"6445199\" data-element_type=\"widget\" data-e-type=\"widget\" data-widget_type=\"heading.default\">\n\t\t\t\t\t<h2 class=\"elementor-heading-title elementor-size-default\">Anderen helfen\n<\/h2>\t\t\t\t<\/div>\n\t\t\t\t<\/div>\n\t\t<div class=\"elementor-element elementor-element-0fc9357 e-con-full e-flex e-con e-child\" data-id=\"0fc9357\" data-element_type=\"container\" data-e-type=\"container\">\n\t\t<div class=\"elementor-element elementor-element-357dda4 e-con-full srf-third-section-content e-flex e-con e-child\" data-id=\"357dda4\" data-element_type=\"container\" data-e-type=\"container\">\n\t\t<div class=\"elementor-element elementor-element-2d2fe1e e-con-full e-flex e-con e-child\" data-id=\"2d2fe1e\" data-element_type=\"container\" data-e-type=\"container\">\n\t\t\t\t<div class=\"elementor-element elementor-element-c2161c0 elementor-widget__width-initial elementor-widget-divider--view-line elementor-widget elementor-widget-divider\" data-id=\"c2161c0\" data-element_type=\"widget\" data-e-type=\"widget\" data-widget_type=\"divider.default\">\n\t\t\t\t\t\t\t<div class=\"elementor-divider\">\n\t\t\t<span class=\"elementor-divider-separator\">\n\t\t\t\t\t\t<\/span>\n\t\t<\/div>\n\t\t\t\t\t\t<\/div>\n\t\t\t\t<div class=\"elementor-element elementor-element-b3d0921 text-line-before-style elementor-widget elementor-widget-heading\" data-id=\"b3d0921\" data-element_type=\"widget\" data-e-type=\"widget\" data-widget_type=\"heading.default\">\n\t\t\t\t\t<h3 class=\"elementor-heading-title elementor-size-default\">Wohlt\u00e4tigkeitslauf\n<\/h3>\t\t\t\t<\/div>\n\t\t\t\t<\/div>\n\t\t\t\t<div class=\"elementor-element elementor-element-b0fc973 elementor-widget elementor-widget-text-editor\" data-id=\"b0fc973\" data-element_type=\"widget\" data-e-type=\"widget\" data-widget_type=\"text-editor.default\">\n\t\t\t\t\t\t\t\t\t<p>Doch die Wirkung der Stiftung beschr\u00e4nkte sich nicht auf Forschung und F\u00f6rderung. In der Erkenntnis, wie wichtig Gemeinschaftssinn und Engagement sind, initiierte die Senator-Rosner-Stiftung unter der Schirmherrschaft von FIS-Weltmeister Felix Neureuther einen Benefizlauf, der Teilnehmer aus allen Teilen Deutschlands anlockte. Fast 800 L\u00e4uferinnen und L\u00e4ufer legten in nur einem Jahr die unglaubliche Strecke von 6.756 Kilometern zur\u00fcck. Dabei brachen sie nicht nur Rekorde, sondern sammelten auch die unglaubliche Summe von 1.105.000 Euro an Sponsorengeldern. Es war ein Beweis f\u00fcr die Kraft der Einigkeit und den kollektiven Willen, etwas zu bewegen.<\/p>\t\t\t\t\t\t\t\t<\/div>\n\t\t\t\t<\/div>\n\t\t<div class=\"elementor-element elementor-element-a7c746c e-con-full srf-third-section-content e-flex e-con e-child\" data-id=\"a7c746c\" data-element_type=\"container\" data-e-type=\"container\">\n\t\t<div class=\"elementor-element elementor-element-172c347 e-con-full e-flex e-con e-child\" data-id=\"172c347\" data-element_type=\"container\" data-e-type=\"container\">\n\t\t\t\t<div class=\"elementor-element elementor-element-4d35591 elementor-widget__width-initial elementor-widget-divider--view-line elementor-widget elementor-widget-divider\" data-id=\"4d35591\" data-element_type=\"widget\" data-e-type=\"widget\" data-widget_type=\"divider.default\">\n\t\t\t\t\t\t\t<div class=\"elementor-divider\">\n\t\t\t<span class=\"elementor-divider-separator\">\n\t\t\t\t\t\t<\/span>\n\t\t<\/div>\n\t\t\t\t\t\t<\/div>\n\t\t\t\t<div class=\"elementor-element elementor-element-b576d3d text-line-before-style elementor-widget elementor-widget-heading\" data-id=\"b576d3d\" data-element_type=\"widget\" data-e-type=\"widget\" data-widget_type=\"heading.default\">\n\t\t\t\t\t<h3 class=\"elementor-heading-title elementor-size-default\">SOS Kinderd\u00f6rfer\n<\/h3>\t\t\t\t<\/div>\n\t\t\t\t<\/div>\n\t\t\t\t<div class=\"elementor-element elementor-element-a5c8941 elementor-widget elementor-widget-text-editor\" data-id=\"a5c8941\" data-element_type=\"widget\" data-e-type=\"widget\" data-widget_type=\"text-editor.default\">\n\t\t\t\t\t\t\t\t\t<p>In ihrem Bestreben, positive Ver\u00e4nderungen zu schaffen, hat die Senator R\u00f6sner Stiftung Grenzen \u00fcberschritten. Durch eine besondere Verbindung zwischen der Familie R\u00f6sner und Diana Langes-Swarovski wurde ein wegweisendes Hilfsprojekt mit den SOS-Kinderd\u00f6rfern ins Leben gerufen. Mit dieser bemerkenswerten Initiative wurden Kinder und Jugendliche in Lebenskrisen unterst\u00fctzt und \u00fcber die sportliche Entwicklung hinaus betreut und gef\u00f6rdert.<\/p>\t\t\t\t\t\t\t\t<\/div>\n\t\t\t\t<\/div>\n\t\t\t\t<\/div>\n\t\t\t\t\t<\/div>\n\t\t\t\t<\/div>\n\t\t<div class=\"elementor-element elementor-element-e17703e vertical-padding side-padding e-flex e-con-boxed e-con e-parent\" data-id=\"e17703e\" data-element_type=\"container\" data-e-type=\"container\" data-settings=\"{&quot;background_background&quot;:&quot;classic&quot;}\">\n\t\t\t\t\t<div class=\"e-con-inner\">\n\t\t<div class=\"elementor-element elementor-element-2419a8a e-con-full e-flex e-con e-child\" data-id=\"2419a8a\" data-element_type=\"container\" data-e-type=\"container\">\n\t\t<div class=\"elementor-element elementor-element-d139404 e-con-full content-container-style e-flex e-con e-child\" data-id=\"d139404\" data-element_type=\"container\" data-e-type=\"container\" id=\"flex-basis-style\">\n\t\t\t\t<div class=\"elementor-element elementor-element-1432add elementor-widget elementor-widget-heading\" data-id=\"1432add\" data-element_type=\"widget\" data-e-type=\"widget\" data-widget_type=\"heading.default\">\n\t\t\t\t\t<span class=\"elementor-heading-title elementor-size-default\">M\u00f6glichkeiten schaffen\n<\/span>\t\t\t\t<\/div>\n\t\t\t\t<div class=\"elementor-element elementor-element-f402ee0 elementor-widget elementor-widget-heading\" data-id=\"f402ee0\" data-element_type=\"widget\" data-e-type=\"widget\" data-widget_type=\"heading.default\">\n\t\t\t\t\t<h2 class=\"elementor-heading-title elementor-size-default\">St\u00e4rkung der Krebsforschung und -aufkl\u00e4rung\n<\/h2>\t\t\t\t<\/div>\n\t\t\t\t<div class=\"elementor-element elementor-element-6a21e1c elementor-widget elementor-widget-text-editor\" data-id=\"6a21e1c\" data-element_type=\"widget\" data-e-type=\"widget\" data-widget_type=\"text-editor.default\">\n\t\t\t\t\t\t\t\t\t<p>Doch damit ist die Wirkung der Stiftung noch nicht zu Ende. Peter und Eveline R\u00f6sner glauben an die Macht des Wissens und an die Bedeutung der Krebsforschung. Um ihre Hilfe weiter zu verbreiten, dehnten sie ihre Unterst\u00fctzung auf die Aus- und Weiterbildung von medizinischen Fachkr\u00e4ften aus, um sicherzustellen, dass der Kampf gegen Krebs an allen Fronten gef\u00fchrt wird.<\/p><p>Ein Beispiel f\u00fcr ihr Engagement war die HEAT-Studie unter der Leitung des gesch\u00e4tzten Prof. Dr. med. Dr. rer. nat. Dipl.-Biochem. Rolf D. Issels am Klinikum der Universit\u00e4t M\u00fcnchen. Im Mittelpunkt dieses klinischen Forschungsprojekts standen innovative Ans\u00e4tze zur Behandlung des Bauchspeicheldr\u00fcsenkrebses, einer Erkrankung, die dringend behandelt werden musste. Die Senator-R\u00f6sner-Stiftung hat die Studie finanziell unterst\u00fctzt, um den von Krebs Betroffenen Hoffnung zu geben.<\/p>\t\t\t\t\t\t\t\t<\/div>\n\t\t\t\t<\/div>\n\t\t\t\t<div class=\"elementor-element elementor-element-4dcf316 image-style elementor-widget__width-initial elementor-widget elementor-widget-image\" data-id=\"4dcf316\" data-element_type=\"widget\" data-e-type=\"widget\" data-widget_type=\"image.default\">\n\t\t\t\t\t\t\t\t\t\t\t\t\t\t\t<img decoding=\"async\" width=\"800\" height=\"600\" src=\"https:\/\/meditrade.net\/wp-content\/uploads\/2025\/09\/webpc-passthru-13.webp\" class=\"attachment-large size-large wp-image-1250\" alt=\"Meditrade - Hochwertige medizinische und hygienische Produkte\" srcset=\"https:\/\/meditrade.net\/wp-content\/uploads\/2025\/09\/webpc-passthru-13.webp 800w, https:\/\/meditrade.net\/wp-content\/uploads\/2025\/09\/webpc-passthru-13-300x225.webp 300w, https:\/\/meditrade.net\/wp-content\/uploads\/2025\/09\/webpc-passthru-13-768x576.webp 768w\" sizes=\"(max-width: 800px) 100vw, 800px\" \/>\t\t\t\t\t\t\t\t\t\t\t\t\t\t\t<\/div>\n\t\t\t\t<\/div>\n\t\t<div class=\"elementor-element elementor-element-bd88ea0 e-con-full e-flex e-con e-child\" data-id=\"bd88ea0\" data-element_type=\"container\" data-e-type=\"container\" data-settings=\"{&quot;background_background&quot;:&quot;classic&quot;}\">\n\t\t\t\t<div class=\"elementor-element elementor-element-1918ee7 elementor-widget elementor-widget-heading\" data-id=\"1918ee7\" data-element_type=\"widget\" data-e-type=\"widget\" data-widget_type=\"heading.default\">\n\t\t\t\t\t<span class=\"elementor-heading-title elementor-size-default\">Die Geschichte der Senator-R\u00f6sner-Stiftung geht weiter, sie weckt Hoffnung und bringt den von Krebs betroffenen Menschen Hilfe. Sie ist ein leuchtendes Beispiel f\u00fcr Mitgef\u00fchl, Hingabe und die transformative Kraft kollektiven Handelns.\n<\/span>\t\t\t\t<\/div>\n\t\t\t\t<\/div>\n\t\t\t\t\t<\/div>\n\t\t\t\t<\/div>\n\t\t\t\t<\/div>","protected":false},"excerpt":{"rendered":"<p>Senator R\u00f6sner Foundation The Senator R\u00f6sner Foundation is a charitable organization that was founded by Meditrade Group CEO Peter R\u00f6sner and his wife Eveline R\u00f6sner. Request a quote Touch. Help. Create opportunities The Senator R\u00f6sner Foundation is a charitable organization that was founded by Meditrade Group CEO Peter R\u00f6sner and his wife Eveline R\u00f6sner and [&hellip;]<\/p>\n","protected":false},"author":3,"featured_media":0,"parent":0,"menu_order":0,"comment_status":"closed","ping_status":"closed","template":"","meta":{"_acf_changed":false,"footnotes":""},"class_list":["post-955","page","type-page","status-publish","hentry"],"acf":[],"_links":{"self":[{"href":"https:\/\/meditrade.net\/de\/wp-json\/wp\/v2\/pages\/955","targetHints":{"allow":["GET"]}}],"collection":[{"href":"https:\/\/meditrade.net\/de\/wp-json\/wp\/v2\/pages"}],"about":[{"href":"https:\/\/meditrade.net\/de\/wp-json\/wp\/v2\/types\/page"}],"author":[{"embeddable":true,"href":"https:\/\/meditrade.net\/de\/wp-json\/wp\/v2\/users\/3"}],"replies":[{"embeddable":true,"href":"https:\/\/meditrade.net\/de\/wp-json\/wp\/v2\/comments?post=955"}],"version-history":[{"count":5,"href":"https:\/\/meditrade.net\/de\/wp-json\/wp\/v2\/pages\/955\/revisions"}],"predecessor-version":[{"id":10101,"href":"https:\/\/meditrade.net\/de\/wp-json\/wp\/v2\/pages\/955\/revisions\/10101"}],"wp:attachment":[{"href":"https:\/\/meditrade.net\/de\/wp-json\/wp\/v2\/media?parent=955"}],"curies":[{"name":"wp","href":"https:\/\/api.w.org\/{rel}","templated":true}]}}