{"id":937,"date":"2025-09-04T13:33:24","date_gmt":"2025-09-04T13:33:24","guid":{"rendered":"https:\/\/meditrade.net\/?page_id=937"},"modified":"2025-10-17T02:17:10","modified_gmt":"2025-10-17T02:17:10","slug":"management","status":"publish","type":"page","link":"https:\/\/meditrade.net\/de\/management\/","title":{"rendered":"Verwaltung"},"content":{"rendered":"<div data-elementor-type=\"wp-page\" data-elementor-id=\"937\" class=\"elementor elementor-937\">\n\t\t\t\t<div class=\"elementor-element elementor-element-641f2ce vertical-padding side-padding section-height e-flex e-con-boxed e-con e-parent\" data-id=\"641f2ce\" data-element_type=\"container\" data-e-type=\"container\" data-settings=\"{&quot;background_background&quot;:&quot;classic&quot;}\">\n\t\t\t\t\t<div class=\"e-con-inner\">\n\t\t<div class=\"elementor-element elementor-element-03e6be5 e-con-full e-flex e-con e-child\" data-id=\"03e6be5\" data-element_type=\"container\" data-e-type=\"container\">\n\t\t\t\t<div class=\"elementor-element elementor-element-ca06355 Hero-Second-Layout-Design-Content-Title Font-Size-70 elementor-widget elementor-widget-heading\" data-id=\"ca06355\" data-element_type=\"widget\" data-e-type=\"widget\" data-widget_type=\"heading.default\">\n\t\t\t\t\t<h1 class=\"elementor-heading-title elementor-size-default\">Verwaltung<\/h1>\t\t\t\t<\/div>\n\t\t\t\t<div class=\"elementor-element elementor-element-2606297 elementor-align-left open-popup elementor-widget elementor-widget-button\" data-id=\"2606297\" data-element_type=\"widget\" data-e-type=\"widget\" data-widget_type=\"button.default\">\n\t\t\t\t\t\t\t\t\t\t<a class=\"elementor-button elementor-button-link elementor-size-sm\" href=\"#\">\n\t\t\t\t\t\t<span class=\"elementor-button-content-wrapper\">\n\t\t\t\t\t\t<span class=\"elementor-button-icon\">\n\t\t\t\t<svg aria-hidden=\"true\" class=\"e-font-icon-svg e-fas-chevron-right\" viewbox=\"0 0 320 512\" xmlns=\"http:\/\/www.w3.org\/2000\/svg\"><path d=\"M285.476 272.971L91.132 467.314c-9.373 9.373-24.569 9.373-33.941 0l-22.667-22.667c-9.357-9.357-9.375-24.522-.04-33.901L188.505 256 34.484 101.255c-9.335-9.379-9.317-24.544.04-33.901l22.667-22.667c9.373-9.373 24.569-9.373 33.941 0L285.475 239.03c9.373 9.372 9.373 24.568.001 33.941z\"><\/path><\/svg>\t\t\t<\/span>\n\t\t\t\t\t\t\t\t\t<span class=\"elementor-button-text\">Angebot anfordern<\/span>\n\t\t\t\t\t<\/span>\n\t\t\t\t\t<\/a>\n\t\t\t\t\t\t\t\t<\/div>\n\t\t\t\t<\/div>\n\t\t\t\t\t<\/div>\n\t\t\t\t<\/div>\n\t\t<div class=\"elementor-element elementor-element-f756fcb vertical-padding side-padding e-flex e-con-boxed e-con e-parent\" data-id=\"f756fcb\" data-element_type=\"container\" data-e-type=\"container\">\n\t\t\t\t\t<div class=\"e-con-inner\">\n\t\t<div class=\"elementor-element elementor-element-4fd6c24 e-con-full e-flex e-con e-child\" data-id=\"4fd6c24\" data-element_type=\"container\" data-e-type=\"container\">\n\t\t<div class=\"elementor-element elementor-element-ef1ae67 e-con-full e-flex e-con e-child\" data-id=\"ef1ae67\" data-element_type=\"container\" data-e-type=\"container\">\n\t\t\t\t<div class=\"elementor-element elementor-element-5641e5c elementor-widget elementor-widget-text-editor\" data-id=\"5641e5c\" data-element_type=\"widget\" data-e-type=\"widget\" data-widget_type=\"text-editor.default\">\n\t\t\t\t\t\t\t\t\t<p>Die Meditrade-Gruppe wurde 1988 von Peter R\u00f6sner-Mautby gegr\u00fcndet. Heute, 35 Jahre sp\u00e4ter, wird das Unternehmen weiterhin von der Familie R\u00f6sner gef\u00fchrt.<\/p><p>Das familiengef\u00fchrte Management erm\u00f6glicht eine schnelle Entscheidungsfindung und Flexibilit\u00e4t, um den sich st\u00e4ndig \u00e4ndernden Marktanforderungen gerecht zu werden.<\/p><p>Durch die Verbindung von Tradition und Innovation ist die Meditrade-Gruppe gut positioniert, um eine kontinuierliche Verbesserung und Weiterentwicklung anzustreben und gleichzeitig die Bed\u00fcrfnisse und Erwartungen ihrer Kunden zu erf\u00fcllen.<\/p>\t\t\t\t\t\t\t\t<\/div>\n\t\t\t\t<\/div>\n\t\t\t\t<div class=\"elementor-element elementor-element-f259031 elementor-widget__width-initial elementor-widget elementor-widget-image\" data-id=\"f259031\" data-element_type=\"widget\" data-e-type=\"widget\" data-widget_type=\"image.default\">\n\t\t\t\t\t\t\t\t\t\t\t\t\t\t\t<img fetchpriority=\"high\" decoding=\"async\" width=\"1024\" height=\"473\" src=\"https:\/\/meditrade.net\/wp-content\/uploads\/2025\/09\/webpc-passthru-7-1024x473.webp\" class=\"attachment-large size-large wp-image-1146\" alt=\"Meditrade - Hochwertige medizinische und hygienische Produkte\" srcset=\"https:\/\/meditrade.net\/wp-content\/uploads\/2025\/09\/webpc-passthru-7-1024x473.webp 1024w, https:\/\/meditrade.net\/wp-content\/uploads\/2025\/09\/webpc-passthru-7-300x139.webp 300w, https:\/\/meditrade.net\/wp-content\/uploads\/2025\/09\/webpc-passthru-7-768x355.webp 768w, https:\/\/meditrade.net\/wp-content\/uploads\/2025\/09\/webpc-passthru-7.webp 1527w\" sizes=\"(max-width: 1024px) 100vw, 1024px\" \/>\t\t\t\t\t\t\t\t\t\t\t\t\t\t\t<\/div>\n\t\t\t\t<\/div>\n\t\t\t\t\t<\/div>\n\t\t\t\t<\/div>\n\t\t<div class=\"elementor-element elementor-element-49e6d44 vertical-padding side-padding e-flex e-con-boxed e-con e-parent\" data-id=\"49e6d44\" data-element_type=\"container\" data-e-type=\"container\" data-settings=\"{&quot;background_background&quot;:&quot;classic&quot;}\">\n\t\t\t\t\t<div class=\"e-con-inner\">\n\t\t<div class=\"elementor-element elementor-element-1375ef5 e-con-full e-flex e-con e-child\" data-id=\"1375ef5\" data-element_type=\"container\" data-e-type=\"container\">\n\t\t<div class=\"elementor-element elementor-element-de8cdca e-con-full e-flex e-con e-child\" data-id=\"de8cdca\" data-element_type=\"container\" data-e-type=\"container\">\n\t\t\t\t<div class=\"elementor-element elementor-element-fd27e04 elementor-widget__width-initial elementor-widget elementor-widget-image\" data-id=\"fd27e04\" data-element_type=\"widget\" data-e-type=\"widget\" data-widget_type=\"image.default\">\n\t\t\t\t\t\t\t\t\t\t\t\t\t\t\t<img decoding=\"async\" width=\"300\" height=\"288\" src=\"https:\/\/meditrade.net\/wp-content\/uploads\/2025\/09\/webpc-passthru-8-300x288.webp\" class=\"attachment-medium size-medium wp-image-1170\" alt=\"Meditrade - Hochwertige medizinische und hygienische Produkte\" srcset=\"https:\/\/meditrade.net\/wp-content\/uploads\/2025\/09\/webpc-passthru-8-300x288.webp 300w, https:\/\/meditrade.net\/wp-content\/uploads\/2025\/09\/webpc-passthru-8-1024x984.webp 1024w, https:\/\/meditrade.net\/wp-content\/uploads\/2025\/09\/webpc-passthru-8-768x738.webp 768w, https:\/\/meditrade.net\/wp-content\/uploads\/2025\/09\/webpc-passthru-8-1536x1476.webp 1536w, https:\/\/meditrade.net\/wp-content\/uploads\/2025\/09\/webpc-passthru-8.webp 1547w\" sizes=\"(max-width: 300px) 100vw, 300px\" \/>\t\t\t\t\t\t\t\t\t\t\t\t\t\t\t<\/div>\n\t\t<div class=\"elementor-element elementor-element-d8a0cdf e-con-full e-flex e-con e-child\" data-id=\"d8a0cdf\" data-element_type=\"container\" data-e-type=\"container\">\n\t\t\t\t<div class=\"elementor-element elementor-element-6288322 elementor-widget elementor-widget-heading\" data-id=\"6288322\" data-element_type=\"widget\" data-e-type=\"widget\" data-widget_type=\"heading.default\">\n\t\t\t\t\t<h2 class=\"elementor-heading-title elementor-size-default\">Peter R\u00f6sner\n<\/h2>\t\t\t\t<\/div>\n\t\t\t\t<div class=\"elementor-element elementor-element-331b7b9 elementor-widget elementor-widget-heading\" data-id=\"331b7b9\" data-element_type=\"widget\" data-e-type=\"widget\" data-widget_type=\"heading.default\">\n\t\t\t\t\t<p class=\"elementor-heading-title elementor-size-default\">Gr\u00fcnder und Vorstandsvorsitzender der Meditrade Group\n<\/p>\t\t\t\t<\/div>\n\t\t\t\t<div class=\"elementor-element elementor-element-f08a212 elementor-widget elementor-widget-text-editor\" data-id=\"f08a212\" data-element_type=\"widget\" data-e-type=\"widget\" data-widget_type=\"text-editor.default\">\n\t\t\t\t\t\t\t\t\t<p>Peter R\u00f6sner gr\u00fcndete Meditrade im Jahr 1988 und war seitdem ma\u00dfgeblich an der weltweiten Entwicklung des Unternehmens beteiligt. In Anerkennung seiner unternehmerischen Leistungen im Gesundheitswesen wurde er von der Technischen Universit\u00e4t M\u00fcnchen mit dem Titel eines Senators geehrt. Unter seiner F\u00fchrung w\u00e4chst Meditrade weiter und bietet weltweit hochwertige Medizin- und Hygieneprodukte an, wobei er den Werten eines Familienunternehmens treu bleibt.<\/p>\t\t\t\t\t\t\t\t<\/div>\n\t\t\t\t<\/div>\n\t\t\t\t<\/div>\n\t\t<div class=\"elementor-element elementor-element-cc40ed4 e-con-full e-flex e-con e-child\" data-id=\"cc40ed4\" data-element_type=\"container\" data-e-type=\"container\">\n\t\t<div class=\"elementor-element elementor-element-bfb63db e-con-full e-flex e-con e-child\" data-id=\"bfb63db\" data-element_type=\"container\" data-e-type=\"container\">\n\t\t\t\t<div class=\"elementor-element elementor-element-c16039a elementor-widget elementor-widget-heading\" data-id=\"c16039a\" data-element_type=\"widget\" data-e-type=\"widget\" data-widget_type=\"heading.default\">\n\t\t\t\t\t<h2 class=\"elementor-heading-title elementor-size-default\">Martin Unterberg\n<\/h2>\t\t\t\t<\/div>\n\t\t\t\t<div class=\"elementor-element elementor-element-ea67012 elementor-widget elementor-widget-heading\" data-id=\"ea67012\" data-element_type=\"widget\" data-e-type=\"widget\" data-widget_type=\"heading.default\">\n\t\t\t\t\t<p class=\"elementor-heading-title elementor-size-default\">Mitbegr\u00fcnder der Meditrade GmbH\n<\/p>\t\t\t\t<\/div>\n\t\t\t\t<div class=\"elementor-element elementor-element-b8fc432 elementor-widget elementor-widget-text-editor\" data-id=\"b8fc432\" data-element_type=\"widget\" data-e-type=\"widget\" data-widget_type=\"text-editor.default\">\n\t\t\t\t\t\t\t\t\t<p>Martin Unterberg, Mitbegr\u00fcnder der Meditrade GmbH neben Peter R\u00f6sner im Jahr 1988, ist seit der Gr\u00fcndung ein fester Bestandteil des Unternehmens. Seine ma\u00dfgeblichen Beitr\u00e4ge f\u00fchrten zur Erweiterung des Produktportfolios des Unternehmens. Gegenw\u00e4rtig ist Herr Unterberg f\u00fcr die Bereiche Regulatory Affairs und Key Accounts Management verantwortlich, um das weitere Wachstum und den Erfolg des Unternehmens sicherzustellen.<\/p>\t\t\t\t\t\t\t\t<\/div>\n\t\t\t\t<div class=\"elementor-element elementor-element-b00b295 elementor-widget elementor-widget-button\" data-id=\"b00b295\" data-element_type=\"widget\" data-e-type=\"widget\" data-widget_type=\"button.default\">\n\t\t\t\t\t\t\t\t\t\t<a class=\"elementor-button elementor-button-link elementor-size-sm\" href=\"https:\/\/www.linkedin.com\/in\/martin-unterberg-a4569b19a\/\" target=\"_blank\" rel=\"noopener\">\n\t\t\t\t\t\t<span class=\"elementor-button-content-wrapper\">\n\t\t\t\t\t\t\t\t\t<span class=\"elementor-button-text\">Linkedin<\/span>\n\t\t\t\t\t<\/span>\n\t\t\t\t\t<\/a>\n\t\t\t\t\t\t\t\t<\/div>\n\t\t\t\t<\/div>\n\t\t\t\t<div class=\"elementor-element elementor-element-8563688 elementor-widget__width-initial elementor-widget elementor-widget-image\" data-id=\"8563688\" data-element_type=\"widget\" data-e-type=\"widget\" data-widget_type=\"image.default\">\n\t\t\t\t\t\t\t\t\t\t\t\t\t\t\t<img decoding=\"async\" width=\"300\" height=\"292\" src=\"https:\/\/meditrade.net\/wp-content\/uploads\/2025\/09\/webpc-passthru-9-300x292.webp\" class=\"attachment-medium size-medium wp-image-1184\" alt=\"Meditrade - Hochwertige medizinische und hygienische Produkte\" srcset=\"https:\/\/meditrade.net\/wp-content\/uploads\/2025\/09\/webpc-passthru-9-300x292.webp 300w, https:\/\/meditrade.net\/wp-content\/uploads\/2025\/09\/webpc-passthru-9-1024x998.webp 1024w, https:\/\/meditrade.net\/wp-content\/uploads\/2025\/09\/webpc-passthru-9-768x748.webp 768w, https:\/\/meditrade.net\/wp-content\/uploads\/2025\/09\/webpc-passthru-9-1536x1497.webp 1536w, https:\/\/meditrade.net\/wp-content\/uploads\/2025\/09\/webpc-passthru-9.webp 1557w\" sizes=\"(max-width: 300px) 100vw, 300px\" \/>\t\t\t\t\t\t\t\t\t\t\t\t\t\t\t<\/div>\n\t\t\t\t<\/div>\n\t\t<div class=\"elementor-element elementor-element-381fb7f e-con-full e-flex e-con e-child\" data-id=\"381fb7f\" data-element_type=\"container\" data-e-type=\"container\">\n\t\t\t\t<div class=\"elementor-element elementor-element-05ed93c elementor-widget__width-initial elementor-widget elementor-widget-image\" data-id=\"05ed93c\" data-element_type=\"widget\" data-e-type=\"widget\" data-widget_type=\"image.default\">\n\t\t\t\t\t\t\t\t\t\t\t\t\t\t\t<img loading=\"lazy\" decoding=\"async\" width=\"285\" height=\"300\" src=\"https:\/\/meditrade.net\/wp-content\/uploads\/2025\/09\/webpc-passthru-10-285x300.webp\" class=\"attachment-medium size-medium wp-image-1185\" alt=\"Meditrade - Hochwertige medizinische und hygienische Produkte\" srcset=\"https:\/\/meditrade.net\/wp-content\/uploads\/2025\/09\/webpc-passthru-10-285x300.webp 285w, https:\/\/meditrade.net\/wp-content\/uploads\/2025\/09\/webpc-passthru-10-973x1024.webp 973w, https:\/\/meditrade.net\/wp-content\/uploads\/2025\/09\/webpc-passthru-10-768x808.webp 768w, https:\/\/meditrade.net\/wp-content\/uploads\/2025\/09\/webpc-passthru-10-1460x1536.webp 1460w, https:\/\/meditrade.net\/wp-content\/uploads\/2025\/09\/webpc-passthru-10.webp 1584w\" sizes=\"(max-width: 285px) 100vw, 285px\" \/>\t\t\t\t\t\t\t\t\t\t\t\t\t\t\t<\/div>\n\t\t<div class=\"elementor-element elementor-element-3a0bd8a e-con-full e-flex e-con e-child\" data-id=\"3a0bd8a\" data-element_type=\"container\" data-e-type=\"container\">\n\t\t\t\t<div class=\"elementor-element elementor-element-6959ebe elementor-widget elementor-widget-heading\" data-id=\"6959ebe\" data-element_type=\"widget\" data-e-type=\"widget\" data-widget_type=\"heading.default\">\n\t\t\t\t\t<h2 class=\"elementor-heading-title elementor-size-default\">Maximilian R\u00f6sner\n<\/h2>\t\t\t\t<\/div>\n\t\t\t\t<div class=\"elementor-element elementor-element-bfa427d elementor-widget elementor-widget-heading\" data-id=\"bfa427d\" data-element_type=\"widget\" data-e-type=\"widget\" data-widget_type=\"heading.default\">\n\t\t\t\t\t<p class=\"elementor-heading-title elementor-size-default\">Gesch\u00e4ftsf\u00fchrender Direktor von Meditrade UK Ltd.\n<\/p>\t\t\t\t<\/div>\n\t\t\t\t<div class=\"elementor-element elementor-element-87dd40a elementor-widget elementor-widget-text-editor\" data-id=\"87dd40a\" data-element_type=\"widget\" data-e-type=\"widget\" data-widget_type=\"text-editor.default\">\n\t\t\t\t\t\t\t\t\t<p>Maximilian R\u00f6sner spielt eine Schl\u00fcsselrolle bei der internationalen Expansion der Meditrade Gruppe. Er gr\u00fcndete und leitet die Meditrade UK Ltd, die seit 2020 in Gro\u00dfbritannien und Irland t\u00e4tig ist. Unter seiner F\u00fchrung hat sich Meditrade UK Ltd zu einem vertrauensw\u00fcrdigen Lieferanten von medizinischen und hygienischen Produkten f\u00fcr die Gesundheitsindustrie in Gro\u00dfbritannien und Irland entwickelt, was sein Engagement f\u00fcr die Werte des Familienunternehmens widerspiegelt und die kontinuierliche Expansion in neue M\u00e4rkte vorantreibt.<\/p>\t\t\t\t\t\t\t\t<\/div>\n\t\t\t\t<div class=\"elementor-element elementor-element-2d7fd02 elementor-widget elementor-widget-button\" data-id=\"2d7fd02\" data-element_type=\"widget\" data-e-type=\"widget\" data-widget_type=\"button.default\">\n\t\t\t\t\t\t\t\t\t\t<a class=\"elementor-button elementor-button-link elementor-size-sm\" href=\"https:\/\/linkedin.com\/in\/maximilian-r%C3%B6sner-0819b9123\" target=\"_blank\" rel=\"noopener\">\n\t\t\t\t\t\t<span class=\"elementor-button-content-wrapper\">\n\t\t\t\t\t\t\t\t\t<span class=\"elementor-button-text\">Linkedin<\/span>\n\t\t\t\t\t<\/span>\n\t\t\t\t\t<\/a>\n\t\t\t\t\t\t\t\t<\/div>\n\t\t\t\t<\/div>\n\t\t\t\t<\/div>\n\t\t\t\t<\/div>\n\t\t\t\t\t<\/div>\n\t\t\t\t<\/div>\n\t\t\t\t<\/div>","protected":false},"excerpt":{"rendered":"<p>Management Request a quote The Meditrade Group was founded in 1988 by Peter R\u00f6sner-Mautby. Today, 35 years later, the company continues to be managed by R\u00f6sner family. The family-led management allows for quick decision-making and flexibility to meet the ever-changing market demands. By combining tradition and innovation, the Meditrade Group is well-positioned to strive for [&hellip;]<\/p>\n","protected":false},"author":3,"featured_media":0,"parent":0,"menu_order":0,"comment_status":"closed","ping_status":"closed","template":"","meta":{"_acf_changed":false,"footnotes":""},"class_list":["post-937","page","type-page","status-publish","hentry"],"acf":[],"_links":{"self":[{"href":"https:\/\/meditrade.net\/de\/wp-json\/wp\/v2\/pages\/937","targetHints":{"allow":["GET"]}}],"collection":[{"href":"https:\/\/meditrade.net\/de\/wp-json\/wp\/v2\/pages"}],"about":[{"href":"https:\/\/meditrade.net\/de\/wp-json\/wp\/v2\/types\/page"}],"author":[{"embeddable":true,"href":"https:\/\/meditrade.net\/de\/wp-json\/wp\/v2\/users\/3"}],"replies":[{"embeddable":true,"href":"https:\/\/meditrade.net\/de\/wp-json\/wp\/v2\/comments?post=937"}],"version-history":[{"count":5,"href":"https:\/\/meditrade.net\/de\/wp-json\/wp\/v2\/pages\/937\/revisions"}],"predecessor-version":[{"id":10039,"href":"https:\/\/meditrade.net\/de\/wp-json\/wp\/v2\/pages\/937\/revisions\/10039"}],"wp:attachment":[{"href":"https:\/\/meditrade.net\/de\/wp-json\/wp\/v2\/media?parent=937"}],"curies":[{"name":"wp","href":"https:\/\/api.w.org\/{rel}","templated":true}]}}