{"id":903,"date":"2025-09-03T19:26:57","date_gmt":"2025-09-03T19:26:57","guid":{"rendered":"https:\/\/meditrade.net\/?page_id=903"},"modified":"2025-10-17T02:20:25","modified_gmt":"2025-10-17T02:20:25","slug":"glossar","status":"publish","type":"page","link":"https:\/\/meditrade.net\/de\/glossary\/","title":{"rendered":"Glossar"},"content":{"rendered":"<div data-elementor-type=\"wp-page\" data-elementor-id=\"903\" class=\"elementor elementor-903\">\n\t\t\t\t<div class=\"elementor-element elementor-element-7a806e2 vertical-padding side-padding section-height e-flex e-con-boxed e-con e-parent\" data-id=\"7a806e2\" data-element_type=\"container\" data-e-type=\"container\" data-settings=\"{&quot;background_background&quot;:&quot;classic&quot;}\">\n\t\t\t\t\t<div class=\"e-con-inner\">\n\t\t<div class=\"elementor-element elementor-element-80444b5 e-con-full e-flex e-con e-child\" data-id=\"80444b5\" data-element_type=\"container\" data-e-type=\"container\">\n\t\t\t\t<div class=\"elementor-element elementor-element-a12cecb Hero-Second-Layout-Design-Content-Title Font-Size-70 elementor-widget elementor-widget-heading\" data-id=\"a12cecb\" data-element_type=\"widget\" data-e-type=\"widget\" data-widget_type=\"heading.default\">\n\t\t\t\t\t<h1 class=\"elementor-heading-title elementor-size-default\">Glossar<\/h1>\t\t\t\t<\/div>\n\t\t\t\t<div class=\"elementor-element elementor-element-78baa4b elementor-widget elementor-widget-text-editor\" data-id=\"78baa4b\" data-element_type=\"widget\" data-e-type=\"widget\" data-widget_type=\"text-editor.default\">\n\t\t\t\t\t\t\t\t\t<p>Entschl\u00fcsseln Sie die Sprache des Gesundheitswesens: Entdecken Sie die Definitionen und Begriffe in unserem Glossar<\/p>\t\t\t\t\t\t\t\t<\/div>\n\t\t\t\t<div class=\"elementor-element elementor-element-39d5780 elementor-align-left open-popup elementor-widget elementor-widget-button\" data-id=\"39d5780\" data-element_type=\"widget\" data-e-type=\"widget\" data-widget_type=\"button.default\">\n\t\t\t\t\t\t\t\t\t\t<a class=\"elementor-button elementor-button-link elementor-size-sm\" href=\"#\">\n\t\t\t\t\t\t<span class=\"elementor-button-content-wrapper\">\n\t\t\t\t\t\t<span class=\"elementor-button-icon\">\n\t\t\t\t<svg aria-hidden=\"true\" class=\"e-font-icon-svg e-fas-chevron-right\" viewbox=\"0 0 320 512\" xmlns=\"http:\/\/www.w3.org\/2000\/svg\"><path d=\"M285.476 272.971L91.132 467.314c-9.373 9.373-24.569 9.373-33.941 0l-22.667-22.667c-9.357-9.357-9.375-24.522-.04-33.901L188.505 256 34.484 101.255c-9.335-9.379-9.317-24.544.04-33.901l22.667-22.667c9.373-9.373 24.569-9.373 33.941 0L285.475 239.03c9.373 9.372 9.373 24.568.001 33.941z\"><\/path><\/svg>\t\t\t<\/span>\n\t\t\t\t\t\t\t\t\t<span class=\"elementor-button-text\">Angebot anfordern<\/span>\n\t\t\t\t\t<\/span>\n\t\t\t\t\t<\/a>\n\t\t\t\t\t\t\t\t<\/div>\n\t\t\t\t<\/div>\n\t\t\t\t\t<\/div>\n\t\t\t\t<\/div>\n\t\t<div class=\"elementor-element elementor-element-8e3debe vertical-padding side-padding e-flex e-con-boxed e-con e-parent\" data-id=\"8e3debe\" data-element_type=\"container\" data-e-type=\"container\">\n\t\t\t\t\t<div class=\"e-con-inner\">\n\t\t<div class=\"elementor-element elementor-element-0d60210 e-con-full e-flex e-con e-child\" data-id=\"0d60210\" data-element_type=\"container\" data-e-type=\"container\">\n\t\t\t\t<div class=\"elementor-element elementor-element-4e659db elementor-widget elementor-widget-heading\" data-id=\"4e659db\" data-element_type=\"widget\" data-e-type=\"widget\" data-widget_type=\"heading.default\">\n\t\t\t\t\t<h2 class=\"elementor-heading-title elementor-size-default\">Glossar<\/h2>\t\t\t\t<\/div>\n\t\t\t\t<\/div>\n\t\t<div class=\"elementor-element elementor-element-f603638 e-con-full e-flex e-con e-child\" data-id=\"f603638\" data-element_type=\"container\" data-e-type=\"container\">\n\t\t<div class=\"elementor-element elementor-element-b2e7a92 e-con-full information-hub_item-container e-grid e-con e-child\" data-id=\"b2e7a92\" data-element_type=\"container\" data-e-type=\"container\" data-settings=\"{&quot;background_background&quot;:&quot;classic&quot;}\">\n\t\t\t\t<div class=\"elementor-element elementor-element-467834f information-hub_item-title elementor-widget elementor-widget-heading\" data-id=\"467834f\" data-element_type=\"widget\" data-e-type=\"widget\" data-widget_type=\"heading.default\">\n\t\t\t\t\t<span class=\"elementor-heading-title elementor-size-default\">AQL (Acceptable Quality Limit):\n<\/span>\t\t\t\t<\/div>\n\t\t\t\t<div class=\"elementor-element elementor-element-c80cf27 information-hub_item-paragraph elementor-widget elementor-widget-heading\" data-id=\"c80cf27\" data-element_type=\"widget\" data-e-type=\"widget\" data-widget_type=\"heading.default\">\n\t\t\t\t\t<span class=\"elementor-heading-title elementor-size-default\">Ein Zahlencode, der die maximale Anzahl von Fehlern angibt, die eine Handschuhcharge aufweisen darf, bevor sie als nicht konform gilt.\n<\/span>\t\t\t\t<\/div>\n\t\t\t\t<\/div>\n\t\t<div class=\"elementor-element elementor-element-e2a7b5e e-con-full information-hub_item-container e-grid e-con e-child\" data-id=\"e2a7b5e\" data-element_type=\"container\" data-e-type=\"container\" data-settings=\"{&quot;background_background&quot;:&quot;classic&quot;}\">\n\t\t\t\t<div class=\"elementor-element elementor-element-30d0910 information-hub_item-title elementor-widget elementor-widget-heading\" data-id=\"30d0910\" data-element_type=\"widget\" data-e-type=\"widget\" data-widget_type=\"heading.default\">\n\t\t\t\t\t<span class=\"elementor-heading-title elementor-size-default\">ASTM F 1671:\n<\/span>\t\t\t\t<\/div>\n\t\t\t\t<div class=\"elementor-element elementor-element-a947e6f information-hub_item-paragraph elementor-widget elementor-widget-heading\" data-id=\"a947e6f\" data-element_type=\"widget\" data-e-type=\"widget\" data-widget_type=\"heading.default\">\n\t\t\t\t\t<h2 class=\"elementor-heading-title elementor-size-default\">Eine Standardtestmethode zur Bewertung der Resistenz von Handschuhen gegen das Eindringen von Viren unter Verwendung des Virus Phi X 174.\n<\/h2>\t\t\t\t<\/div>\n\t\t\t\t<\/div>\n\t\t<div class=\"elementor-element elementor-element-aed8393 e-con-full information-hub_item-container e-grid e-con e-child\" data-id=\"aed8393\" data-element_type=\"container\" data-e-type=\"container\" data-settings=\"{&quot;background_background&quot;:&quot;classic&quot;}\">\n\t\t\t\t<div class=\"elementor-element elementor-element-2ebada3 information-hub_item-title elementor-widget elementor-widget-heading\" data-id=\"2ebada3\" data-element_type=\"widget\" data-e-type=\"widget\" data-widget_type=\"heading.default\">\n\t\t\t\t\t<span class=\"elementor-heading-title elementor-size-default\">EN 374-5:\n<\/span>\t\t\t\t<\/div>\n\t\t\t\t<div class=\"elementor-element elementor-element-9fe6ca3 information-hub_item-paragraph elementor-widget elementor-widget-heading\" data-id=\"9fe6ca3\" data-element_type=\"widget\" data-e-type=\"widget\" data-widget_type=\"heading.default\">\n\t\t\t\t\t<h2 class=\"elementor-heading-title elementor-size-default\">Eine europ\u00e4ische Norm f\u00fcr die Pr\u00fcfung von Handschuhen gegen Mikroorganismen, einschlie\u00dflich der viralen Penetration mit dem Virus Phi X 174.\n<\/h2>\t\t\t\t<\/div>\n\t\t\t\t<\/div>\n\t\t<div class=\"elementor-element elementor-element-ab8a480 e-con-full information-hub_item-container e-grid e-con e-child\" data-id=\"ab8a480\" data-element_type=\"container\" data-e-type=\"container\" data-settings=\"{&quot;background_background&quot;:&quot;classic&quot;}\">\n\t\t\t\t<div class=\"elementor-element elementor-element-681d2fe information-hub_item-title elementor-widget elementor-widget-heading\" data-id=\"681d2fe\" data-element_type=\"widget\" data-e-type=\"widget\" data-widget_type=\"heading.default\">\n\t\t\t\t\t<span class=\"elementor-heading-title elementor-size-default\">Latex:\n<\/span>\t\t\t\t<\/div>\n\t\t\t\t<div class=\"elementor-element elementor-element-0bec539 information-hub_item-paragraph elementor-widget elementor-widget-heading\" data-id=\"0bec539\" data-element_type=\"widget\" data-e-type=\"widget\" data-widget_type=\"heading.default\">\n\t\t\t\t\t<h2 class=\"elementor-heading-title elementor-size-default\">Latex ist der nat\u00fcrliche Kautschuk, der aus dem Saft des Hevea brasiliensis-Baumes gewonnen wird. Latexhandschuhe werden aus diesem Naturkautschuk hergestellt und sind f\u00fcr ihre Flexibilit\u00e4t, ihren Komfort und ihr Tastempfinden bekannt. Einige Personen k\u00f6nnen jedoch allergisch auf die in Latex enthaltenen Proteine reagieren, was zu Latexallergien f\u00fchrt.\n<\/h2>\t\t\t\t<\/div>\n\t\t\t\t<\/div>\n\t\t<div class=\"elementor-element elementor-element-ab6bbfb e-con-full information-hub_item-container e-grid e-con e-child\" data-id=\"ab6bbfb\" data-element_type=\"container\" data-e-type=\"container\" data-settings=\"{&quot;background_background&quot;:&quot;classic&quot;}\">\n\t\t\t\t<div class=\"elementor-element elementor-element-f9fe925 information-hub_item-title elementor-widget elementor-widget-heading\" data-id=\"f9fe925\" data-element_type=\"widget\" data-e-type=\"widget\" data-widget_type=\"heading.default\">\n\t\t\t\t\t<span class=\"elementor-heading-title elementor-size-default\">Latex-Allergie:\n<\/span>\t\t\t\t<\/div>\n\t\t\t\t<div class=\"elementor-element elementor-element-ff52235 information-hub_item-paragraph elementor-widget elementor-widget-heading\" data-id=\"ff52235\" data-element_type=\"widget\" data-e-type=\"widget\" data-widget_type=\"heading.default\">\n\t\t\t\t\t<h2 class=\"elementor-heading-title elementor-size-default\">Eine Typ-I-Allergie gegen Proteine in Naturkautschuklatex, die bei einigen Personen allergische Reaktionen hervorrufen kann.\n<\/h2>\t\t\t\t<\/div>\n\t\t\t\t<\/div>\n\t\t<div class=\"elementor-element elementor-element-4ef9552 e-con-full information-hub_item-container e-grid e-con e-child\" data-id=\"4ef9552\" data-element_type=\"container\" data-e-type=\"container\" data-settings=\"{&quot;background_background&quot;:&quot;classic&quot;}\">\n\t\t\t\t<div class=\"elementor-element elementor-element-36989cb information-hub_item-title elementor-widget elementor-widget-heading\" data-id=\"36989cb\" data-element_type=\"widget\" data-e-type=\"widget\" data-widget_type=\"heading.default\">\n\t\t\t\t\t<span class=\"elementor-heading-title elementor-size-default\">Nitril<\/span>\t\t\t\t<\/div>\n\t\t\t\t<div class=\"elementor-element elementor-element-29e3aaa information-hub_item-paragraph elementor-widget elementor-widget-heading\" data-id=\"29e3aaa\" data-element_type=\"widget\" data-e-type=\"widget\" data-widget_type=\"heading.default\">\n\t\t\t\t\t<h2 class=\"elementor-heading-title elementor-size-default\">Nitril ist ein synthetischer Kautschuk, der h\u00e4ufig f\u00fcr die Herstellung von Handschuhen verwendet wird. Nitrilhandschuhe bieten eine ausgezeichnete chemische Best\u00e4ndigkeit und sind eine geeignete Alternative f\u00fcr Personen mit Latexallergien. Sie sind in verschiedenen Branchen weit verbreitet, z. B. im Gesundheitswesen, in Labors und beim Umgang mit Lebensmitteln.\n<\/h2>\t\t\t\t<\/div>\n\t\t\t\t<\/div>\n\t\t<div class=\"elementor-element elementor-element-665ee8e e-con-full information-hub_item-container e-grid e-con e-child\" data-id=\"665ee8e\" data-element_type=\"container\" data-e-type=\"container\" data-settings=\"{&quot;background_background&quot;:&quot;classic&quot;}\">\n\t\t\t\t<div class=\"elementor-element elementor-element-5ed79e0 information-hub_item-title elementor-widget elementor-widget-heading\" data-id=\"5ed79e0\" data-element_type=\"widget\" data-e-type=\"widget\" data-widget_type=\"heading.default\">\n\t\t\t\t\t<span class=\"elementor-heading-title elementor-size-default\">Vinyl:\n<\/span>\t\t\t\t<\/div>\n\t\t\t\t<div class=\"elementor-element elementor-element-9b94254 information-hub_item-paragraph elementor-widget elementor-widget-heading\" data-id=\"9b94254\" data-element_type=\"widget\" data-e-type=\"widget\" data-widget_type=\"heading.default\">\n\t\t\t\t\t<h2 class=\"elementor-heading-title elementor-size-default\">Vinylhandschuhe werden aus Polyvinylchlorid (PVC) hergestellt. Sie sind eine kosteng\u00fcnstige Option und bieten einen Basisschutz gegen bestimmte Chemikalien und Krankheitserreger. Vinylhandschuhe sind im Allgemeinen weniger elastisch und bieten im Vergleich zu Latex- oder Nitrilhandschuhen ein geringeres Tastempfinden. Sie werden h\u00e4ufig in Branchen wie der Lebensmittelindustrie und bei Hausmeisterdiensten verwendet.\n<\/h2>\t\t\t\t<\/div>\n\t\t\t\t<\/div>\n\t\t<div class=\"elementor-element elementor-element-f948584 e-con-full information-hub_item-container e-grid e-con e-child\" data-id=\"f948584\" data-element_type=\"container\" data-e-type=\"container\" data-settings=\"{&quot;background_background&quot;:&quot;classic&quot;}\">\n\t\t\t\t<div class=\"elementor-element elementor-element-bb448e0 information-hub_item-title elementor-widget elementor-widget-heading\" data-id=\"bb448e0\" data-element_type=\"widget\" data-e-type=\"widget\" data-widget_type=\"heading.default\">\n\t\t\t\t\t<span class=\"elementor-heading-title elementor-size-default\">Medizinisches Produkt:\n<\/span>\t\t\t\t<\/div>\n\t\t\t\t<div class=\"elementor-element elementor-element-3503a6e information-hub_item-paragraph elementor-widget elementor-widget-heading\" data-id=\"3503a6e\" data-element_type=\"widget\" data-e-type=\"widget\" data-widget_type=\"heading.default\">\n\t\t\t\t\t<h2 class=\"elementor-heading-title elementor-size-default\">Ein Medizinprodukt ist jeder Gegenstand oder jedes Ger\u00e4t, das f\u00fcr medizinische Zwecke bestimmt ist, einschlie\u00dflich der Diagnose, Behandlung, Vorbeugung oder Linderung von Krankheiten oder medizinischen Zust\u00e4nden. Im Zusammenhang mit Handschuhen beziehen sich Medizinprodukte speziell auf Handschuhe, die f\u00fcr die Verwendung im Gesundheitswesen, wie z. B. in Krankenh\u00e4usern, Kliniken und Laboratorien, entwickelt und hergestellt werden, um medizinisches Fachpersonal und Patienten zu sch\u00fctzen.\n<\/h2>\t\t\t\t<\/div>\n\t\t\t\t<\/div>\n\t\t<div class=\"elementor-element elementor-element-3af7b57 e-con-full information-hub_item-container e-grid e-con e-child\" data-id=\"3af7b57\" data-element_type=\"container\" data-e-type=\"container\" data-settings=\"{&quot;background_background&quot;:&quot;classic&quot;}\">\n\t\t\t\t<div class=\"elementor-element elementor-element-d25c24b information-hub_item-title elementor-widget elementor-widget-heading\" data-id=\"d25c24b\" data-element_type=\"widget\" data-e-type=\"widget\" data-widget_type=\"heading.default\">\n\t\t\t\t\t<span class=\"elementor-heading-title elementor-size-default\">Inkontinenzprodukte:\n<\/span>\t\t\t\t<\/div>\n\t\t\t\t<div class=\"elementor-element elementor-element-4b0ecf4 information-hub_item-paragraph elementor-widget elementor-widget-heading\" data-id=\"4b0ecf4\" data-element_type=\"widget\" data-e-type=\"widget\" data-widget_type=\"heading.default\">\n\t\t\t\t\t<h2 class=\"elementor-heading-title elementor-size-default\">Inkontinenzprodukte sind Artikel zur Behandlung von Harn- oder Stuhlinkontinenz, d. h. der Unf\u00e4higkeit, den Urin- oder Stuhlabgang zu kontrollieren. Zu diesen Produkten geh\u00f6ren Windeln f\u00fcr Erwachsene, saugf\u00e4hige Einwegeinlagen, Schutzunterw\u00e4sche und andere \u00e4hnliche Artikel, die den Betroffenen helfen, mit der Inkontinenz umzugehen und Hygiene und Komfort zu erhalten.\n<\/h2>\t\t\t\t<\/div>\n\t\t\t\t<\/div>\n\t\t<div class=\"elementor-element elementor-element-8b69c55 e-con-full information-hub_item-container e-grid e-con e-child\" data-id=\"8b69c55\" data-element_type=\"container\" data-e-type=\"container\" data-settings=\"{&quot;background_background&quot;:&quot;classic&quot;}\">\n\t\t\t\t<div class=\"elementor-element elementor-element-3b85e1b information-hub_item-title elementor-widget elementor-widget-heading\" data-id=\"3b85e1b\" data-element_type=\"widget\" data-e-type=\"widget\" data-widget_type=\"heading.default\">\n\t\t\t\t\t<span class=\"elementor-heading-title elementor-size-default\">Schutzhandschuh:\n<\/span>\t\t\t\t<\/div>\n\t\t\t\t<div class=\"elementor-element elementor-element-a571a82 information-hub_item-paragraph elementor-widget elementor-widget-heading\" data-id=\"a571a82\" data-element_type=\"widget\" data-e-type=\"widget\" data-widget_type=\"heading.default\">\n\t\t\t\t\t<h2 class=\"elementor-heading-title elementor-size-default\">Ein Handschuh, der den Benutzer vor der Umgebung oder bestimmten Gefahren sch\u00fctzen soll.\n<\/h2>\t\t\t\t<\/div>\n\t\t\t\t<\/div>\n\t\t<div class=\"elementor-element elementor-element-ffd59c0 e-con-full information-hub_item-container e-grid e-con e-child\" data-id=\"ffd59c0\" data-element_type=\"container\" data-e-type=\"container\" data-settings=\"{&quot;background_background&quot;:&quot;classic&quot;}\">\n\t\t\t\t<div class=\"elementor-element elementor-element-58da5df information-hub_item-title elementor-widget elementor-widget-heading\" data-id=\"58da5df\" data-element_type=\"widget\" data-e-type=\"widget\" data-widget_type=\"heading.default\">\n\t\t\t\t\t<span class=\"elementor-heading-title elementor-size-default\">Schutzhandschuhe der Kategorie I:\n<\/span>\t\t\t\t<\/div>\n\t\t\t\t<div class=\"elementor-element elementor-element-4b6edbd information-hub_item-paragraph elementor-widget elementor-widget-heading\" data-id=\"4b6edbd\" data-element_type=\"widget\" data-e-type=\"widget\" data-widget_type=\"heading.default\">\n\t\t\t\t\t<h2 class=\"elementor-heading-title elementor-size-default\">Die niedrigste Kategorie von Schutzhandschuhen, die f\u00fcr Situationen mit geringem Risiko verwendet werden, in denen keine signifikanten Sch\u00e4den zu erwarten sind.\n<\/h2>\t\t\t\t<\/div>\n\t\t\t\t<\/div>\n\t\t<div class=\"elementor-element elementor-element-c059602 e-con-full information-hub_item-container e-grid e-con e-child\" data-id=\"c059602\" data-element_type=\"container\" data-e-type=\"container\" data-settings=\"{&quot;background_background&quot;:&quot;classic&quot;}\">\n\t\t\t\t<div class=\"elementor-element elementor-element-e3c6d77 information-hub_item-title elementor-widget elementor-widget-heading\" data-id=\"e3c6d77\" data-element_type=\"widget\" data-e-type=\"widget\" data-widget_type=\"heading.default\">\n\t\t\t\t\t<span class=\"elementor-heading-title elementor-size-default\">Schutzhandschuhe der Kategorie II:\n<\/span>\t\t\t\t<\/div>\n\t\t\t\t<div class=\"elementor-element elementor-element-59545cf information-hub_item-paragraph elementor-widget elementor-widget-heading\" data-id=\"59545cf\" data-element_type=\"widget\" data-e-type=\"widget\" data-widget_type=\"heading.default\">\n\t\t\t\t\t<h2 class=\"elementor-heading-title elementor-size-default\">Handschuhe der Kategorie II sind f\u00fcr mittlere Risiken bestimmt und bieten Schutz gegen Gefahren von mittlerem Schweregrad. Diese Handschuhe sollen den Benutzer vor Risiken sch\u00fctzen, die weder als geringf\u00fcgig noch als lebensbedrohlich eingestuft werden. Die Konformit\u00e4tsbewertung f\u00fcr Handschuhe der Kategorie II erfordert die Einschaltung einer benannten Stelle, die die \u00dcbereinstimmung des Produkts mit den einschl\u00e4gigen Normen \u00fcberpr\u00fcft.\n<\/h2>\t\t\t\t<\/div>\n\t\t\t\t<\/div>\n\t\t<div class=\"elementor-element elementor-element-8c50c2f e-con-full information-hub_item-container e-grid e-con e-child\" data-id=\"8c50c2f\" data-element_type=\"container\" data-e-type=\"container\" data-settings=\"{&quot;background_background&quot;:&quot;classic&quot;}\">\n\t\t\t\t<div class=\"elementor-element elementor-element-da1c33f information-hub_item-title elementor-widget elementor-widget-heading\" data-id=\"da1c33f\" data-element_type=\"widget\" data-e-type=\"widget\" data-widget_type=\"heading.default\">\n\t\t\t\t\t<span class=\"elementor-heading-title elementor-size-default\">Schutzhandschuhe der Kategorie III:\n<\/span>\t\t\t\t<\/div>\n\t\t\t\t<div class=\"elementor-element elementor-element-69a85c7 information-hub_item-paragraph elementor-widget elementor-widget-heading\" data-id=\"69a85c7\" data-element_type=\"widget\" data-e-type=\"widget\" data-widget_type=\"heading.default\">\n\t\t\t\t\t<h2 class=\"elementor-heading-title elementor-size-default\">Die h\u00f6chste Kategorie von Schutzhandschuhen, geeignet f\u00fcr den Umgang mit Hochrisikosituationen, die zu schweren oder irreversiblen Sch\u00e4den f\u00fchren k\u00f6nnen oder ein t\u00f6dliches Risiko f\u00fcr den Benutzer darstellen.\n<\/h2>\t\t\t\t<\/div>\n\t\t\t\t<\/div>\n\t\t<div class=\"elementor-element elementor-element-b61a4a9 e-con-full information-hub_item-container e-grid e-con e-child\" data-id=\"b61a4a9\" data-element_type=\"container\" data-e-type=\"container\" data-settings=\"{&quot;background_background&quot;:&quot;classic&quot;}\">\n\t\t\t\t<div class=\"elementor-element elementor-element-ea60c39 information-hub_item-title elementor-widget elementor-widget-heading\" data-id=\"ea60c39\" data-element_type=\"widget\" data-e-type=\"widget\" data-widget_type=\"heading.default\">\n\t\t\t\t\t<span class=\"elementor-heading-title elementor-size-default\">Permeation:\n<\/span>\t\t\t\t<\/div>\n\t\t\t\t<div class=\"elementor-element elementor-element-f40bcf5 information-hub_item-paragraph elementor-widget elementor-widget-heading\" data-id=\"f40bcf5\" data-element_type=\"widget\" data-e-type=\"widget\" data-widget_type=\"heading.default\">\n\t\t\t\t\t<h2 class=\"elementor-heading-title elementor-size-default\">Der Prozess, bei dem eine Chemikalie oder Substanz das Handschuhmaterial durchdringt.\n<\/h2>\t\t\t\t<\/div>\n\t\t\t\t<\/div>\n\t\t<div class=\"elementor-element elementor-element-c411b86 e-con-full information-hub_item-container e-grid e-con e-child\" data-id=\"c411b86\" data-element_type=\"container\" data-e-type=\"container\" data-settings=\"{&quot;background_background&quot;:&quot;classic&quot;}\">\n\t\t\t\t<div class=\"elementor-element elementor-element-e847605 information-hub_item-title elementor-widget elementor-widget-heading\" data-id=\"e847605\" data-element_type=\"widget\" data-e-type=\"widget\" data-widget_type=\"heading.default\">\n\t\t\t\t\t<span class=\"elementor-heading-title elementor-size-default\">Zersetzung:\n<\/span>\t\t\t\t<\/div>\n\t\t\t\t<div class=\"elementor-element elementor-element-9b259f6 information-hub_item-paragraph elementor-widget elementor-widget-heading\" data-id=\"9b259f6\" data-element_type=\"widget\" data-e-type=\"widget\" data-widget_type=\"heading.default\">\n\t\t\t\t\t<h2 class=\"elementor-heading-title elementor-size-default\">Ver\u00e4nderungen der Festigkeit oder Integrit\u00e4t des Handschuhmaterials, die durch eine Substanz verursacht werden, z. B. Versteifung, Erweichung oder vollst\u00e4ndige Aufl\u00f6sung.\n<\/h2>\t\t\t\t<\/div>\n\t\t\t\t<\/div>\n\t\t<div class=\"elementor-element elementor-element-8bf2fe8 e-con-full information-hub_item-container e-grid e-con e-child\" data-id=\"8bf2fe8\" data-element_type=\"container\" data-e-type=\"container\" data-settings=\"{&quot;background_background&quot;:&quot;classic&quot;}\">\n\t\t\t\t<div class=\"elementor-element elementor-element-3edf9fc information-hub_item-title elementor-widget elementor-widget-heading\" data-id=\"3edf9fc\" data-element_type=\"widget\" data-e-type=\"widget\" data-widget_type=\"heading.default\">\n\t\t\t\t\t<span class=\"elementor-heading-title elementor-size-default\">Durchdringung:\n<\/span>\t\t\t\t<\/div>\n\t\t\t\t<div class=\"elementor-element elementor-element-83c9f46 information-hub_item-paragraph elementor-widget elementor-widget-heading\" data-id=\"83c9f46\" data-element_type=\"widget\" data-e-type=\"widget\" data-widget_type=\"heading.default\">\n\t\t\t\t\t<h2 class=\"elementor-heading-title elementor-size-default\">Der Prozess, bei dem eine Substanz oder Chemikalie durch den Handschuh dringt, typischerweise durch kleine Nadell\u00f6cher oder Risse im Material.\n<\/h2>\t\t\t\t<\/div>\n\t\t\t\t<\/div>\n\t\t<div class=\"elementor-element elementor-element-e5bc0e4 e-con-full information-hub_item-container e-grid e-con e-child\" data-id=\"e5bc0e4\" data-element_type=\"container\" data-e-type=\"container\" data-settings=\"{&quot;background_background&quot;:&quot;classic&quot;}\">\n\t\t\t\t<div class=\"elementor-element elementor-element-a863321 information-hub_item-title elementor-widget elementor-widget-heading\" data-id=\"a863321\" data-element_type=\"widget\" data-e-type=\"widget\" data-widget_type=\"heading.default\">\n\t\t\t\t\t<span class=\"elementor-heading-title elementor-size-default\">Virale Durchdringung:\n<\/span>\t\t\t\t<\/div>\n\t\t\t\t<div class=\"elementor-element elementor-element-c9a6ed0 information-hub_item-paragraph elementor-widget elementor-widget-heading\" data-id=\"c9a6ed0\" data-element_type=\"widget\" data-e-type=\"widget\" data-widget_type=\"heading.default\">\n\t\t\t\t\t<h2 class=\"elementor-heading-title elementor-size-default\">Ein standardisierter Test, bei dem ein kleiner Virus (Phi X 174) verwendet wird, um festzustellen, ob er das Handschuhmaterial durchdringt, entweder durch Nadelstiche oder das Material selbst.\n<\/h2>\t\t\t\t<\/div>\n\t\t\t\t<\/div>\n\t\t\t\t<\/div>\n\t\t\t\t\t<\/div>\n\t\t\t\t<\/div>\n\t\t\t\t<\/div>","protected":false},"excerpt":{"rendered":"<p>Glossary Unlock the Language of Healthcare: Explore Definitions and Terms in our Glossary Request a quote Glossary AQL (Acceptable Quality Limit): A number code used to specify the maximum number of defects allowed in a batch of gloves before it is considered non-compliant. ASTM F 1671: A standard test method for evaluating the resistance of [&hellip;]<\/p>\n","protected":false},"author":3,"featured_media":0,"parent":0,"menu_order":0,"comment_status":"closed","ping_status":"closed","template":"","meta":{"_acf_changed":false,"footnotes":""},"class_list":["post-903","page","type-page","status-publish","hentry"],"acf":[],"_links":{"self":[{"href":"https:\/\/meditrade.net\/de\/wp-json\/wp\/v2\/pages\/903","targetHints":{"allow":["GET"]}}],"collection":[{"href":"https:\/\/meditrade.net\/de\/wp-json\/wp\/v2\/pages"}],"about":[{"href":"https:\/\/meditrade.net\/de\/wp-json\/wp\/v2\/types\/page"}],"author":[{"embeddable":true,"href":"https:\/\/meditrade.net\/de\/wp-json\/wp\/v2\/users\/3"}],"replies":[{"embeddable":true,"href":"https:\/\/meditrade.net\/de\/wp-json\/wp\/v2\/comments?post=903"}],"version-history":[{"count":5,"href":"https:\/\/meditrade.net\/de\/wp-json\/wp\/v2\/pages\/903\/revisions"}],"predecessor-version":[{"id":10055,"href":"https:\/\/meditrade.net\/de\/wp-json\/wp\/v2\/pages\/903\/revisions\/10055"}],"wp:attachment":[{"href":"https:\/\/meditrade.net\/de\/wp-json\/wp\/v2\/media?parent=903"}],"curies":[{"name":"wp","href":"https:\/\/api.w.org\/{rel}","templated":true}]}}