{"id":3251,"date":"2025-10-08T17:29:35","date_gmt":"2025-10-08T17:29:35","guid":{"rendered":"https:\/\/meditrade.net\/?page_id=3251"},"modified":"2025-10-16T21:12:34","modified_gmt":"2025-10-16T21:12:34","slug":"cookie-richtlinie-meditrade-gmbh","status":"publish","type":"page","link":"https:\/\/meditrade.net\/de\/cookie-policy-meditrade-gmbh\/","title":{"rendered":"Cookie-Richtlinie - Meditrade GmbH"},"content":{"rendered":"<div data-elementor-type=\"wp-page\" data-elementor-id=\"3251\" class=\"elementor elementor-3251\">\n\t\t\t\t<div class=\"elementor-element elementor-element-356498e vertical-padding side-padding e-flex e-con-boxed e-con e-parent\" data-id=\"356498e\" data-element_type=\"container\" data-e-type=\"container\">\n\t\t\t\t\t<div class=\"e-con-inner\">\n\t\t<div class=\"elementor-element elementor-element-78c03fc e-con-full e-flex e-con e-child\" data-id=\"78c03fc\" data-element_type=\"container\" data-e-type=\"container\">\n\t\t\t\t<div class=\"elementor-element elementor-element-13b760b elementor-widget elementor-widget-heading\" data-id=\"13b760b\" data-element_type=\"widget\" data-e-type=\"widget\" data-widget_type=\"heading.default\">\n\t\t\t\t\t<h2 class=\"elementor-heading-title elementor-size-default\">Cookie-Richtlinie - Meditrade GmbH<\/h2>\t\t\t\t<\/div>\n\t\t\t\t<\/div>\n\t\t<div class=\"elementor-element elementor-element-f220933 e-con-full e-flex e-con e-child\" data-id=\"f220933\" data-element_type=\"container\" data-e-type=\"container\">\n\t\t\t\t<div class=\"elementor-element elementor-element-028617c elementor-widget elementor-widget-text-editor\" data-id=\"028617c\" data-element_type=\"widget\" data-e-type=\"widget\" data-widget_type=\"text-editor.default\">\n\t\t\t\t\t\t\t\t\t<p><em>Diese Cookie-Richtlinie wurde zuletzt am 25. Februar 2021 aktualisiert und gilt f\u00fcr B\u00fcrger und st\u00e4ndige Einwohner des Europ\u00e4ischen Wirtschaftsraums und der Schweiz.<\/em><\/p><p><strong>Einf\u00fchrung<\/strong><\/p><p>Unsere Website, <a href=\"https:\/\/meditrade.net\/de\/\">https:\/\/www.meditrade.net<\/a> (nachstehend \u201cdie Website\u201d genannt), verwendet Cookies und \u00e4hnliche Technologien (der Einfachheit halber werden diese alle als \u201cCookies\u201d bezeichnet). Cookies werden auch von Dritten gesetzt, die wir beauftragt haben. In dem nachstehenden Dokument informieren wir Sie \u00fcber die Verwendung von Cookies auf unserer Website.<\/p><p><strong>Was sind Cookies?<\/strong><\/p><p>Ein Cookie ist eine einfache kleine Datei, die zusammen mit den Seiten einer Website-Adresse gesendet und vom Webbrowser auf dem PC oder einem anderen Ger\u00e4t gespeichert werden kann. Die darin gespeicherten Informationen k\u00f6nnen bei sp\u00e4teren Besuchen an unsere Server oder an die Server der betreffenden Dritten zur\u00fcckgeschickt werden.<\/p><p><strong>Was sind Skripte?<\/strong><\/p><p>Ein Skript ist ein St\u00fcck Programmcode, das verwendet wird, um unsere Website mit Funktionalit\u00e4t und Interaktivit\u00e4t auszustatten. Dieser Code wird auf unseren Servern oder auf Ihrem Ger\u00e4t ausgef\u00fchrt.<\/p><p><strong>Was ist ein Web Beacon?<\/strong><\/p><p>Ein Web-Beacon (auch Z\u00e4hlpixel genannt) ist ein kleines unsichtbares St\u00fcck Text oder Bild auf einer Website, das zur \u00dcberwachung des Datenverkehrs auf der Website verwendet wird. Um dies zu erm\u00f6glichen, werden verschiedene Daten \u00fcber Sie mithilfe von Web Beacons gespeichert.<\/p><p><strong>Cookies<\/strong><\/p><p>Technische oder funktionale Cookies<\/p><p>Einige Cookies sorgen daf\u00fcr, dass Teile unserer Website korrekt funktionieren und Ihre Benutzerpr\u00e4ferenzen bekannt bleiben. Indem wir funktionale Cookies setzen, erleichtern wir Ihnen den Besuch unserer Website. So m\u00fcssen Sie beim Besuch unserer Website nicht immer wieder dieselben Informationen eingeben, oder Ihre Artikel bleiben in Ihrem Warenkorb, bis Sie bezahlen. Wir k\u00f6nnen diese Cookies auch ohne Ihre Zustimmung setzen.<\/p><p>Analytische Cookies<\/p><p>Wir verwenden analytische Cookies, um die Website f\u00fcr unsere Nutzer zu optimieren. Mit diesen analytischen Cookies erhalten wir Einblicke in die Nutzung unserer Website. Wir bitten Sie um Ihre Erlaubnis, analytische Cookies zu setzen.<\/p><p>Marketing\/Tracking Cookies<\/p><p>Marketing-\/Tracking-Cookies sind Cookies oder jede andere Form der lokalen Speicherung, die zur Erstellung von Nutzerprofilen f\u00fcr die Anzeige von Werbung oder zur Verfolgung des Nutzers auf dieser Website oder auf mehreren Websites f\u00fcr \u00e4hnliche Marketingzwecke verwendet werden.<\/p><p><strong>Microsoft Clarity und Microsoft Werbung<\/strong><\/p><p>Wir arbeiten mit Microsoft Clarity und Microsoft Advertising zusammen, um zu erfassen, wie Sie unsere Website nutzen und mit ihr interagieren, und zwar mithilfe von Verhaltensmetriken, Heatmaps und Sitzungswiederholungen, um unsere Produkte\/Dienstleistungen zu verbessern und zu vermarkten. Informationen \u00fcber die Nutzung der Website werden mithilfe von Cookies von Erst- und Drittanbietern und anderen Tracking-Technologien erfasst, um die Beliebtheit von Produkten\/Dienstleistungen und Online-Aktivit\u00e4ten zu ermitteln. Dar\u00fcber hinaus verwenden wir diese Informationen zur Optimierung der Website, zu Betrugs-\/Sicherheitszwecken und f\u00fcr Werbung. Weitere Informationen dar\u00fcber, wie Microsoft Ihre Daten sammelt und verwendet, finden Sie in der Datenschutzrichtlinie von Microsoft.<\/p><p><strong>Soziale Medien<\/strong><\/p><p>Auf unserer Website haben wir Inhalte von Facebook und LinkedIn eingebunden, um Webseiten zu bewerben (z.B. \u201cGef\u00e4llt mir\u201d, \u201cPin\u201d) oder zu teilen (z.B. \u201cTweet\u201d) in sozialen Netzwerken wie Facebook und LinkedIn. Diese Inhalte sind mit einem von Facebook und LinkedIn stammenden Code versehen und setzen Cookies. Diese Inhalte k\u00f6nnen bestimmte Informationen f\u00fcr personalisierte Werbung speichern und verarbeiten.<\/p><p>Bitte lesen Sie die Datenschutzrichtlinien dieser sozialen Netzwerke (die sich regelm\u00e4\u00dfig \u00e4ndern k\u00f6nnen), um zu erfahren, wie sie mit Ihren (personenbezogenen) Daten umgehen, die sie mithilfe dieser Cookies verarbeiten. Die abgerufenen Daten sind so weit wie m\u00f6glich anonymisiert. Facebook und LinkedIn haben ihren Sitz in den Vereinigten Staaten.<\/p><p><strong>Zustimmung<\/strong><\/p><p>Wenn Sie unsere Website zum ersten Mal besuchen, zeigen wir Ihnen ein Pop-up-Fenster mit einer Erkl\u00e4rung \u00fcber Cookies. Sobald Sie auf \u201cEinstellungen speichern\u201d klicken, geben Sie uns Ihr Einverst\u00e4ndnis zur Verwendung aller Kategorien von Cookies und Plugins, wie in dieser Cookie-Erkl\u00e4rung beschrieben. Sie k\u00f6nnen die Verwendung von Cookies \u00fcber Ihren Browser deaktivieren, aber beachten Sie bitte, dass unsere Website dann m\u00f6glicherweise nicht richtig funktioniert.<\/p><p><strong>Aktivierung\/Deaktivierung und L\u00f6schung von Cookies<\/strong><\/p><p>Sie k\u00f6nnen Ihren Internet-Browser verwenden, um Cookies automatisch oder manuell zu l\u00f6schen. Sie k\u00f6nnen auch festlegen, ob bestimmte Cookies nicht gesetzt werden sollen. Eine weitere M\u00f6glichkeit besteht darin, Ihren Internet-Browser so einzustellen, dass Sie jedes Mal, wenn ein Cookie gesetzt wird, eine Benachrichtigung erhalten. Weitere Informationen zu diesen Optionen finden Sie in den Anweisungen im Hilfebereich Ihres Browsers.<\/p><p>Bitte beachten Sie, dass unsere Website m\u00f6glicherweise nicht richtig funktioniert, wenn alle Cookies deaktiviert sind. Wenn Sie die Cookies in Ihrem Browser l\u00f6schen, werden sie wieder gesetzt, wenn Sie unsere Website besuchen.<\/p><p><strong>Ihre Rechte in Bezug auf personenbezogene Daten<\/strong><\/p><p>Sie haben die folgenden Rechte in Bezug auf Ihre personenbezogenen Daten:<\/p><ul><li>Sie haben das Recht zu erfahren, wozu Ihre personenbezogenen Daten ben\u00f6tigt werden, was mit ihnen geschieht und wie lange sie gespeichert werden.<\/li><li>Recht auf Zugang: Sie haben das Recht, auf Ihre uns bekannten personenbezogenen Daten zuzugreifen.<\/li><li>Recht auf Berichtigung: Sie haben das Recht, Ihre personenbezogenen Daten zu erg\u00e4nzen, zu berichtigen, l\u00f6schen zu lassen oder zu sperren, wann immer Sie dies w\u00fcnschen.<\/li><li>Wenn Sie uns Ihre Einwilligung zur Verarbeitung Ihrer Daten gegeben haben, haben Sie das Recht, diese Einwilligung zu widerrufen und Ihre personenbezogenen Daten l\u00f6schen zu lassen.<\/li><li>Recht auf \u00dcbermittlung Ihrer Daten: Sie haben das Recht, alle Ihre personenbezogenen Daten von dem f\u00fcr die Verarbeitung Verantwortlichen anzufordern und sie in ihrer Gesamtheit an einen anderen f\u00fcr die Verarbeitung Verantwortlichen zu \u00fcbermitteln.<\/li><li>Recht auf Widerspruch: Sie k\u00f6nnen gegen die Verarbeitung Ihrer Daten Widerspruch einlegen. Dem kommen wir nach, es sei denn, es liegen berechtigte Gr\u00fcnde f\u00fcr die Verarbeitung vor.<\/li><\/ul><p>Um diese Rechte auszu\u00fcben, wenden Sie sich bitte an uns. Bitte beachten Sie die Kontaktdaten am Ende dieser Cookie-Erkl\u00e4rung. Wenn Sie sich dar\u00fcber beschweren m\u00f6chten, wie wir Ihre Daten behandeln, w\u00fcrden wir uns freuen, von Ihnen zu h\u00f6ren. Sie haben aber auch das Recht, eine Beschwerde bei der Aufsichtsbeh\u00f6rde (der Datenschutzbeh\u00f6rde) einzureichen.<\/p><p>Kontakt Details<\/p><p>Wenn Sie Fragen und\/oder Anmerkungen zu unserer Cookie-Richtlinie und dieser Erkl\u00e4rung haben, wenden Sie sich bitte an die folgenden Kontaktangaben:<\/p><p>Meditrade GmbH Medipark 1, 83088 Kiefersfelden Deutschland Website: <a href=\"https:\/\/www.meditrade.de\/\" rel=\"nofollow noopener\" target=\"_blank\">https:\/\/www.meditrade.de<\/a> E-Mail: info@meditrade.net Rufnummer: 08033 97600<\/p><p>Diese Cookie-Richtlinie wurde am 25. Februar 2021 mit cookiedatabase.org synchronisiert.<\/p><p>\u00a0<\/p>\t\t\t\t\t\t\t\t<\/div>\n\t\t\t\t<\/div>\n\t\t\t\t\t<\/div>\n\t\t\t\t<\/div>\n\t\t\t\t<\/div>","protected":false},"excerpt":{"rendered":"<p>Cookie Policy \u2013 Meditrade GmbH This cookie policy was last updated on February 25, 2021, and applies to citizens and permanent residents of the European Economic Area and Switzerland. Introduction Our website, https:\/\/www.meditrade.net (hereinafter referred to as &#8220;the website&#8221;), uses cookies and similar technologies (for simplicity, all of these are referred to as &#8220;cookies&#8221;). Cookies [&hellip;]<\/p>\n","protected":false},"author":3,"featured_media":0,"parent":0,"menu_order":0,"comment_status":"closed","ping_status":"closed","template":"","meta":{"_acf_changed":false,"footnotes":""},"class_list":["post-3251","page","type-page","status-publish","hentry"],"acf":[],"_links":{"self":[{"href":"https:\/\/meditrade.net\/de\/wp-json\/wp\/v2\/pages\/3251","targetHints":{"allow":["GET"]}}],"collection":[{"href":"https:\/\/meditrade.net\/de\/wp-json\/wp\/v2\/pages"}],"about":[{"href":"https:\/\/meditrade.net\/de\/wp-json\/wp\/v2\/types\/page"}],"author":[{"embeddable":true,"href":"https:\/\/meditrade.net\/de\/wp-json\/wp\/v2\/users\/3"}],"replies":[{"embeddable":true,"href":"https:\/\/meditrade.net\/de\/wp-json\/wp\/v2\/comments?post=3251"}],"version-history":[{"count":4,"href":"https:\/\/meditrade.net\/de\/wp-json\/wp\/v2\/pages\/3251\/revisions"}],"predecessor-version":[{"id":3746,"href":"https:\/\/meditrade.net\/de\/wp-json\/wp\/v2\/pages\/3251\/revisions\/3746"}],"wp:attachment":[{"href":"https:\/\/meditrade.net\/de\/wp-json\/wp\/v2\/media?parent=3251"}],"curies":[{"name":"wp","href":"https:\/\/api.w.org\/{rel}","templated":true}]}}